{"id":18,"date":"2026-03-25T18:19:18","date_gmt":"2026-03-25T16:19:18","guid":{"rendered":"https:\/\/miniwood.ee\/?page_id=18"},"modified":"2026-04-11T04:18:41","modified_gmt":"2026-04-11T01:18:41","slug":"ostu-ja-muugitingimused","status":"publish","type":"page","link":"https:\/\/miniwood.ee\/en\/ostu-ja-muugitingimused\/","title":{"rendered":"Ostu- ja m\u00fc\u00fcgitingimused"},"content":{"rendered":"<div data-elementor-type=\"wp-page\" data-elementor-id=\"18\" class=\"elementor elementor-18\" data-elementor-settings=\"{&quot;ha_cmc_init_switcher&quot;:&quot;no&quot;}\">\n\t\t\t\t<div class=\"elementor-element elementor-element-d587655 e-flex e-con-boxed e-con e-parent\" data-id=\"d587655\" data-element_type=\"container\" data-e-type=\"container\" data-settings=\"{&quot;_ha_eqh_enable&quot;:false}\">\n\t\t\t\t\t<div class=\"e-con-inner\">\n\t\t\t\t<div class=\"elementor-element elementor-element-207833c elementor-invisible elementor-widget elementor-widget-heading\" data-id=\"207833c\" data-element_type=\"widget\" data-e-type=\"widget\" data-settings=\"{&quot;_animation&quot;:&quot;fadeIn&quot;,&quot;_animation_delay&quot;:200}\" data-widget_type=\"heading.default\">\n\t\t\t\t\t<h1 class=\"elementor-heading-title elementor-size-default\">Ostu- ja m\u00fc\u00fcgitingimused<\/h1>\t\t\t\t<\/div>\n\t\t\t\t<div class=\"elementor-element elementor-element-7a86f00 elementor-widget elementor-widget-text-editor\" data-id=\"7a86f00\" data-element_type=\"widget\" data-e-type=\"widget\" data-widget_type=\"text-editor.default\">\n\t\t\t\t\t\t\t\t\t<p><strong>1. \u00dcldtingimused<\/strong><br \/><strong>1.1.<\/strong> K\u00e4esolevad ostu- ja m\u00fc\u00fcgitingimused (edaspidi Tingimused) kehtivad e-poest miniwood.ee ostja (edaspidi Klient) ja ettev\u00f5tte MiniWood O\u00dc (registrikood 16255601, asukoht <span class=\"elementor-icon-box-title\">V\u00e4ike-Kullam\u00e4e, K\u00f5pu k\u00fcla, P\u00f5ltsamaa vald 48208 <\/span>) (edaspidi E-pood) vahel kaupade ostmisel tekkivate \u00f5igussuhete kohta.<br \/><strong>1.2.<\/strong> E-poel on \u00f5igus Tingimusi ja hinnakirja muuta. Muudatused j\u00f5ustuvad alates nende avaldamisest e-poe veebilehel.<\/p><p>\u00a0<\/p><p><strong>2. Hinnad ja tasumine<\/strong><br \/><strong>2.1.<\/strong> K\u00f5ik e-poes m\u00fc\u00fcdavate kaupade hinnad on n\u00e4idatud eurodes.<br \/><strong>2.2.<\/strong> E-poes tellimust esitades ei toimu kohest maksmist. P\u00e4rast tellimuse laekumist vaatab E-pood selle \u00fcle ning saadab Kliendile e-posti teel arve.<br \/><strong>2.3.<\/strong> Tellimus loetakse edukalt sooritatuks ja t\u00e4itmisele minevaks p\u00e4rast arve summa laekumist E-poe arvelduskontole.<\/p><p>\u00a0<\/p><p><strong>3. Tarne ja kauba \u00fcleandmine<\/strong><br \/><strong>3.1.<\/strong> E-poes sooritatud tellimuste puhul standardset kulleri v\u00f5i pakiautomaadi teenust ei pakuta.<br \/><strong>3.2.<\/strong> Kauba k\u00e4ttesaamine toimub Kliendi poolt ise j\u00e4rele tulemisega aadressil 3.4. Kuna kauba vastuv\u00f5tmine ja kvaliteedi kontroll toimub vahetult k\u00e4ttesaamisel, ei kuulu istikud p\u00e4rast \u00fcleandmist tagastamisele ning hilisemaid pretensioone ei rahuldata.<br \/><strong>3.3.<\/strong> Kaubale j\u00e4rele tulles on Kliendil v\u00f5imalus ja kohustus veenduda istikute kvaliteedis ning sobivuses kohapeal.<br \/><strong>3.4.<\/strong> Kuna kauba vastuv\u00f5tmine ja kvaliteedi kontroll toimub vahetult k\u00e4ttesaamisel, ei kuulu istikud p\u00e4rast \u00fcleandmist tagastamisele ning hilisemaid pretensioone ei rahuldata.<\/p>\t\t\t\t\t\t\t\t<\/div>\n\t\t\t\t\t<\/div>\n\t\t\t\t<\/div>\n\t\t\t\t<\/div>","protected":false},"excerpt":{"rendered":"<p>Ostu- ja m\u00fc\u00fcgitingimused 1. \u00dcldtingimused1.1. K\u00e4esolevad ostu- ja m\u00fc\u00fcgitingimused (edaspidi Tingimused) kehtivad e-poest miniwood.ee ostja (edaspidi Klient) ja ettev\u00f5tte MiniWood O\u00dc (registrikood 16255601, asukoht V\u00e4ike-Kullam\u00e4e, K\u00f5pu k\u00fcla, P\u00f5ltsamaa vald 48208 ) (edaspidi E-pood) vahel kaupade ostmisel tekkivate \u00f5igussuhete kohta.1.2. E-poel on \u00f5igus Tingimusi ja hinnakirja muuta. Muudatused j\u00f5ustuvad alates nende avaldamisest e-poe veebilehel. \u00a0 2. [&hellip;]<\/p>\n","protected":false},"author":1,"featured_media":0,"parent":0,"menu_order":0,"comment_status":"closed","ping_status":"closed","template":"","meta":{"footnotes":""},"class_list":["post-18","page","type-page","status-publish","hentry"],"_links":{"self":[{"href":"https:\/\/miniwood.ee\/en\/wp-json\/wp\/v2\/pages\/18","targetHints":{"allow":["GET"]}}],"collection":[{"href":"https:\/\/miniwood.ee\/en\/wp-json\/wp\/v2\/pages"}],"about":[{"href":"https:\/\/miniwood.ee\/en\/wp-json\/wp\/v2\/types\/page"}],"author":[{"embeddable":true,"href":"https:\/\/miniwood.ee\/en\/wp-json\/wp\/v2\/users\/1"}],"replies":[{"embeddable":true,"href":"https:\/\/miniwood.ee\/en\/wp-json\/wp\/v2\/comments?post=18"}],"version-history":[{"count":19,"href":"https:\/\/miniwood.ee\/en\/wp-json\/wp\/v2\/pages\/18\/revisions"}],"predecessor-version":[{"id":725,"href":"https:\/\/miniwood.ee\/en\/wp-json\/wp\/v2\/pages\/18\/revisions\/725"}],"wp:attachment":[{"href":"https:\/\/miniwood.ee\/en\/wp-json\/wp\/v2\/media?parent=18"}],"curies":[{"name":"wp","href":"https:\/\/api.w.org\/{rel}","templated":true}]}}