{"id":3,"date":"2026-02-11T04:35:43","date_gmt":"2026-02-11T04:35:43","guid":{"rendered":"https:\/\/miniwood.ee\/?page_id=3"},"modified":"2026-04-11T04:22:22","modified_gmt":"2026-04-11T01:22:22","slug":"privaatsustingimused","status":"publish","type":"page","link":"https:\/\/miniwood.ee\/en\/privaatsustingimused\/","title":{"rendered":"Privaatsustingimused"},"content":{"rendered":"<div data-elementor-type=\"wp-page\" data-elementor-id=\"3\" class=\"elementor elementor-3\" data-elementor-settings=\"{&quot;ha_cmc_init_switcher&quot;:&quot;no&quot;}\">\n\t\t\t\t<div class=\"elementor-element elementor-element-9f1ffbe e-flex e-con-boxed e-con e-parent\" data-id=\"9f1ffbe\" data-element_type=\"container\" data-e-type=\"container\" data-settings=\"{&quot;_ha_eqh_enable&quot;:false}\">\n\t\t\t\t\t<div class=\"e-con-inner\">\n\t\t\t\t<div class=\"elementor-element elementor-element-122df58 elementor-invisible elementor-widget elementor-widget-heading\" data-id=\"122df58\" data-element_type=\"widget\" data-e-type=\"widget\" data-settings=\"{&quot;_animation&quot;:&quot;fadeIn&quot;,&quot;_animation_delay&quot;:200}\" data-widget_type=\"heading.default\">\n\t\t\t\t\t<h1 class=\"elementor-heading-title elementor-size-default\">Privaatsustingimused<\/h1>\t\t\t\t<\/div>\n\t\t\t\t<div class=\"elementor-element elementor-element-6c07f0b elementor-widget elementor-widget-text-editor\" data-id=\"6c07f0b\" data-element_type=\"widget\" data-e-type=\"widget\" data-widget_type=\"text-editor.default\">\n\t\t\t\t\t\t\t\t\t<p><strong>1. \u00dclds\u00e4tted<\/strong><br \/><strong>1.1.<\/strong> K\u00e4esolevad privaatsustingimused reguleerivad isikuandmete kogumist, t\u00f6\u00f6tlemist ja s\u00e4ilitamist miniwood.ee veebilehel. Isikuandmete vastutav t\u00f6\u00f6tleja on MiniWood O\u00dc (registrikood 16255601, asukoht J\u00f5geva maakond, P\u00f5ltsamaa vald, K\u00f5pu k\u00fcla, V\u00e4ike-Kullam\u00e4e, 48208, e-post info@miniwood.ee).<\/p><p>\u00a0<\/p><p><strong>2. T\u00f6\u00f6deldavad isikuandmed ja eesm\u00e4rk<\/strong><br \/><strong>2.1.<\/strong> E-pood kogub Kliendi isikuandmeid ainult tellimuse t\u00e4itmise eesm\u00e4rgil. Kuna veebilehel ei ole kliendikontosid, k\u00fcsitakse andmeid vaid ostu sooritamise hetkel.<br \/><strong>2.2.<\/strong> Kogutavad andmed on: Kliendi ees- ja perekonnanimi, telefoninumber, e-posti aadress ning info tellitud kauba kohta.<br \/><strong>2.3.<\/strong> Andmeid kasutatakse Kliendiga \u00fchenduse v\u00f5tmiseks, tellimuse t\u00e4itmiseks, arve edastamiseks ja kauba \u00fcleandmise kokkuleppimiseks.<\/p><p>\u00a0<\/p><p><strong>3. Andmete edastamine kolmandatele osapooltele<\/strong><br \/><strong>3.1.<\/strong> Kliendi isikuandmeid hoitakse konfidentsiaalsena ega edastata kolmandatele osapooltele, v\u00e4lja arvatud seaduses etten\u00e4htud juhtudel (n\u00e4iteks raamatupidamiskohustuse t\u00e4itmiseks)<\/p><p>\u00a0<\/p><p><strong>4. K\u00fcpsised (Cookies)<\/strong><br \/><strong>4.1.<\/strong> Miniwood.ee veebileht kasutab k\u00fcpsiseid (ingl.k cookies), et parandada kasutajakogemust ja anal\u00fc\u00fcsida veebiliiklust.<br \/><strong>4.2.<\/strong> Veebilehel on kasutusel CookieYes platvorm, mis v\u00f5imaldab Kliendil ise hallata ja valida, milliste k\u00fcpsistega ta n\u00f5ustub. Kliendil on igal ajal v\u00f5imalik oma k\u00fcpsiste eelistusi muuta lehe allosas asuva CookieYes paneeli kaudu.<\/p><p>\u00a0<\/p><p><strong>5. Andmete s\u00e4ilitamine ja Kliendi \u00f5igused<\/strong><br \/><strong>5.1.<\/strong> Kliendi andmeid s\u00e4ilitatakse raamatupidamise seaduses toodud n\u00f5uete kohaselt.<br \/><strong>5.2.<\/strong> Kliendil on igal ajal \u00f5igus k\u00fcsida teavet enda kohta kogutud andmete osas ning n\u00f5uda nende parandamist v\u00f5i kustutamist, saates vastavasisulise kirja aadressile info@miniwood.ee.<\/p>\t\t\t\t\t\t\t\t<\/div>\n\t\t\t\t\t<\/div>\n\t\t\t\t<\/div>\n\t\t\t\t<\/div>","protected":false},"excerpt":{"rendered":"<p>Privaatsustingimused 1. \u00dclds\u00e4tted1.1. K\u00e4esolevad privaatsustingimused reguleerivad isikuandmete kogumist, t\u00f6\u00f6tlemist ja s\u00e4ilitamist miniwood.ee veebilehel. Isikuandmete vastutav t\u00f6\u00f6tleja on MiniWood O\u00dc (registrikood 16255601, asukoht J\u00f5geva maakond, P\u00f5ltsamaa vald, K\u00f5pu k\u00fcla, V\u00e4ike-Kullam\u00e4e, 48208, e-post info@miniwood.ee). \u00a0 2. T\u00f6\u00f6deldavad isikuandmed ja eesm\u00e4rk2.1. E-pood kogub Kliendi isikuandmeid ainult tellimuse t\u00e4itmise eesm\u00e4rgil. Kuna veebilehel ei ole kliendikontosid, k\u00fcsitakse andmeid vaid ostu [&hellip;]<\/p>\n","protected":false},"author":1,"featured_media":0,"parent":0,"menu_order":0,"comment_status":"closed","ping_status":"open","template":"","meta":{"footnotes":""},"class_list":["post-3","page","type-page","status-publish","hentry"],"_links":{"self":[{"href":"https:\/\/miniwood.ee\/en\/wp-json\/wp\/v2\/pages\/3","targetHints":{"allow":["GET"]}}],"collection":[{"href":"https:\/\/miniwood.ee\/en\/wp-json\/wp\/v2\/pages"}],"about":[{"href":"https:\/\/miniwood.ee\/en\/wp-json\/wp\/v2\/types\/page"}],"author":[{"embeddable":true,"href":"https:\/\/miniwood.ee\/en\/wp-json\/wp\/v2\/users\/1"}],"replies":[{"embeddable":true,"href":"https:\/\/miniwood.ee\/en\/wp-json\/wp\/v2\/comments?post=3"}],"version-history":[{"count":10,"href":"https:\/\/miniwood.ee\/en\/wp-json\/wp\/v2\/pages\/3\/revisions"}],"predecessor-version":[{"id":728,"href":"https:\/\/miniwood.ee\/en\/wp-json\/wp\/v2\/pages\/3\/revisions\/728"}],"wp:attachment":[{"href":"https:\/\/miniwood.ee\/en\/wp-json\/wp\/v2\/media?parent=3"}],"curies":[{"name":"wp","href":"https:\/\/api.w.org\/{rel}","templated":true}]}}