{"id":219,"date":"2026-03-05T17:24:46","date_gmt":"2026-03-05T15:24:46","guid":{"rendered":"https:\/\/miniwood.ee\/?post_type=product&#038;p=219"},"modified":"2026-04-11T16:18:21","modified_gmt":"2026-04-11T13:18:21","slug":"arukase-istik-betula-pendula","status":"publish","type":"product","link":"https:\/\/miniwood.ee\/en\/product\/arukase-istik-betula-pendula\/","title":{"rendered":"Arukase istik 25-35cm (potitaim)"},"content":{"rendered":"<p align=\"left\">Arukask (koos sookasega) on levinuim lehtpuu Eestis. See on meie metsades levikult m\u00e4nni j\u00e4rel teisel kohal. Kased katavad 31,6% Eesti metsamaadest. Arukask on k\u00fclmakindel ja mullaviljakuse suhtes v\u00e4hen\u00f5udlik. Ta eelistab kergemaid liivsavi- v\u00f5i saviliivmuldi, v\u00e4ga kuivadel muldadel (n\u00e4iteks n\u00f5mmemetsades) kiratseb p\u00f5\u00f5sana. Arukask on v\u00e4ga valgusen\u00f5udlik. Raiesmikel ja p\u00f5lendikes kasvab ta kiiresti, kuid varjus hukkub peagi, mist\u00f5ttu viljakal pinnasel vahetub sageli kuusega.<\/p>","protected":false},"excerpt":{"rendered":"<p><strong>\u23f1\ufe0f Keskmine raiek\u00fcpsus<\/strong><\/p>\n<ul>\n<li><strong>K\u00fcttepuuks:<\/strong> umbes <strong>30\u201340 aastat<\/strong><\/li>\n<li><strong>Paberipuuks \/ peenem materjal:<\/strong> umbes <strong>40\u201350 aastat<\/strong><\/li>\n<li><strong>Kvaliteetseks saematerjaliks:<\/strong> tavaliselt <strong>50\u201370 aastat<\/strong><\/li>\n<\/ul>\n<p>&nbsp;<\/p>\n<p><strong>\ud83c\udf31 Mis m\u00f5jutab kasvukiirust?<\/strong><\/p>\n<ul>\n<li><strong>Kasvukoht:<\/strong> viljakal mullal kasvab arukask kiiremini<\/li>\n<li><strong>Valgus:<\/strong> vajab palju valgust, varjus j\u00e4\u00e4b kiduraks<\/li>\n<li><strong>Hooldus:<\/strong> harvendamine ja konkurentsi v\u00e4hendamine kiirendavad kasvu<\/li>\n<li><strong>Niiskus:<\/strong> eelistab parasniiskeid muldi<\/li>\n<\/ul>","protected":false},"featured_media":739,"template":"","meta":[],"product_brand":[],"product_cat":[41],"product_tag":[78],"class_list":{"0":"post-219","1":"product","2":"type-product","3":"status-publish","4":"has-post-thumbnail","6":"product_cat-kased","7":"product_tag-arukase-istik","9":"first","10":"instock","11":"featured","12":"taxable","13":"shipping-taxable","14":"purchasable","15":"product-type-simple"},"_links":{"self":[{"href":"https:\/\/miniwood.ee\/en\/wp-json\/wp\/v2\/product\/219","targetHints":{"allow":["GET"]}}],"collection":[{"href":"https:\/\/miniwood.ee\/en\/wp-json\/wp\/v2\/product"}],"about":[{"href":"https:\/\/miniwood.ee\/en\/wp-json\/wp\/v2\/types\/product"}],"wp:featuredmedia":[{"embeddable":true,"href":"https:\/\/miniwood.ee\/en\/wp-json\/wp\/v2\/media\/739"}],"wp:attachment":[{"href":"https:\/\/miniwood.ee\/en\/wp-json\/wp\/v2\/media?parent=219"}],"wp:term":[{"taxonomy":"product_brand","embeddable":true,"href":"https:\/\/miniwood.ee\/en\/wp-json\/wp\/v2\/product_brand?post=219"},{"taxonomy":"product_cat","embeddable":true,"href":"https:\/\/miniwood.ee\/en\/wp-json\/wp\/v2\/product_cat?post=219"},{"taxonomy":"product_tag","embeddable":true,"href":"https:\/\/miniwood.ee\/en\/wp-json\/wp\/v2\/product_tag?post=219"}],"curies":[{"name":"wp","href":"https:\/\/api.w.org\/{rel}","templated":true}]}}